{"id":943,"date":"2025-04-07T20:22:46","date_gmt":"2025-04-07T23:22:46","guid":{"rendered":"https:\/\/fernanmakaroff.ar\/?post_type=product&#038;p=943"},"modified":"2026-03-03T09:31:28","modified_gmt":"2026-03-03T12:31:28","slug":"taller-emprendedores-espirituales-online","status":"publish","type":"product","link":"https:\/\/fernanmakaroff.ar\/index.php\/product\/taller-emprendedores-espirituales-online\/","title":{"rendered":"Seminario: Emprendedores Espirituales &#8211; Presencial"},"content":{"rendered":"","protected":false},"excerpt":{"rendered":"<p>En este curso <span style=\"color: #ff9900;\"><strong>\u00fanico<\/strong> <\/span>que integra la <span style=\"color: #ff9900;\"><strong>espiritualidad<\/strong> <\/span>con la vida <span style=\"color: #ff9900;\"><strong>material<\/strong><\/span>, aprender\u00e1s a liberarte del trabajo, de la carencia y del esfuerzo, recuperando tu poder natural para elegir QU\u00c9 QUIERES HACER durante el d\u00eda, CU\u00c1NTO DINERO ganar, y ENCONTRAR TU MISI\u00d3N en la vida: aquello que amas y disfrutas.<br \/>\nMas info &gt;&gt;&gt; <span style=\"color: #ff0000;\"><a style=\"color: #ff0000;\" href=\"https:\/\/fernanmakaroff.com\/emprendedores-espirituales\/\">AQUI<\/a><\/span><\/p>\n","protected":false},"featured_media":1426,"comment_status":"open","ping_status":"closed","template":"","meta":[],"product_brand":[],"product_cat":[17],"product_tag":[],"class_list":{"0":"post-943","1":"product","2":"type-product","3":"status-publish","4":"has-post-thumbnail","6":"product_cat-cursos","8":"first","9":"instock","10":"virtual","11":"sold-individually","12":"purchasable","13":"product-type-simple"},"_links":{"self":[{"href":"https:\/\/fernanmakaroff.ar\/index.php\/wp-json\/wp\/v2\/product\/943","targetHints":{"allow":["GET"]}}],"collection":[{"href":"https:\/\/fernanmakaroff.ar\/index.php\/wp-json\/wp\/v2\/product"}],"about":[{"href":"https:\/\/fernanmakaroff.ar\/index.php\/wp-json\/wp\/v2\/types\/product"}],"replies":[{"embeddable":true,"href":"https:\/\/fernanmakaroff.ar\/index.php\/wp-json\/wp\/v2\/comments?post=943"}],"wp:featuredmedia":[{"embeddable":true,"href":"https:\/\/fernanmakaroff.ar\/index.php\/wp-json\/wp\/v2\/media\/1426"}],"wp:attachment":[{"href":"https:\/\/fernanmakaroff.ar\/index.php\/wp-json\/wp\/v2\/media?parent=943"}],"wp:term":[{"taxonomy":"product_brand","embeddable":true,"href":"https:\/\/fernanmakaroff.ar\/index.php\/wp-json\/wp\/v2\/product_brand?post=943"},{"taxonomy":"product_cat","embeddable":true,"href":"https:\/\/fernanmakaroff.ar\/index.php\/wp-json\/wp\/v2\/product_cat?post=943"},{"taxonomy":"product_tag","embeddable":true,"href":"https:\/\/fernanmakaroff.ar\/index.php\/wp-json\/wp\/v2\/product_tag?post=943"}],"curies":[{"name":"wp","href":"https:\/\/api.w.org\/{rel}","templated":true}]}}